{"id":26,"date":"2024-06-03T11:34:05","date_gmt":"2024-06-03T11:34:05","guid":{"rendered":"https:\/\/sportbartorrevieja.com\/?page_id=26"},"modified":"2024-06-19T05:58:30","modified_gmt":"2024-06-19T05:58:30","slug":"start","status":"publish","type":"page","link":"https:\/\/sportbartorrevieja.com\/sv\/","title":{"rendered":"Start"},"content":{"rendered":"<div class=\"wpb-content-wrapper\"><div data-parent=\"true\" class=\"vc_row style-color-nhtu-bg row-container\" id=\"row-unique-0\"><div class=\"row-background background-element\">\n\t\t\t\t\t\t\t\t\t\t\t<div class=\"background-wrapper\">\n\t\t\t\t\t\t\t\t\t\t\t\t<div class=\"background-inner self-video uncode-video-container\" style=\"background-repeat: no-repeat;background-position: center center;background-attachment: scroll;background-size: cover;\"><div style=\"width: 640px;\" class=\"wp-video\"><video onloadeddata=\"this.play();\" loop playsinline muted data-keepplaying class=\"background-video-shortcode\" data-ratio=\"1.7777777777778\" id=\"video-26-1\" width=\"640\" height=\"360\" preload=\"metadata\" ><source type=\"video\/mp4\" src=\"https:\/\/sportbartorrevieja.com\/wp-content\/uploads\/2024\/06\/Sportbar.mp4?_=1\" \/><a href=\"https:\/\/sportbartorrevieja.com\/wp-content\/uploads\/2024\/06\/Sportbar.mp4\">https:\/\/sportbartorrevieja.com\/wp-content\/uploads\/2024\/06\/Sportbar.mp4<\/a><\/video><\/div><\/div>\n\t\t\t\t\t\t\t\t\t\t\t\t<div class=\"block-bg-overlay style-color-nhtu-bg\" style=\"opacity: 0.72;\"><\/div>\n\t\t\t\t\t\t\t\t\t\t\t<\/div>\n\t\t\t\t\t\t\t\t\t\t<\/div><div class=\"row triple-top-padding triple-bottom-padding single-h-padding limit-width row-parent\" data-height-ratio=\"full\"><div class=\"wpb_row row-inner\"><div class=\"wpb_column pos-middle pos-center align_left column_parent col-lg-12 single-internal-gutter\"><div class=\"uncol style-dark\"  ><div class=\"uncoltable\"><div class=\"uncell no-block-padding\" ><div class=\"uncont\" ><div class=\"vc_custom_heading_wrap\"><div class=\"heading-text el-text\" ><h2 class=\"h1 font-weight-300\" ><span>V\u00e4lkommen till Sportbar No1 Torrevieja<\/span><\/h2><\/div><div class=\"clear\"><\/div><\/div><div class=\"uncode_text_column vc_custom_1718181979224 text-lead text-color-xsdn-color\"  style=\"margin-top: 15px ;\"><p>Sportbar No 1 is one of the most popular sports bars right in the center of Torrevieja. Here you can watch all kinds of sports from all countries and you can also play billiards, shuffleboard and darts. We serve lighter dishes such as burgers etc.<br \/>\nVid st\u00f6rre matcher s\u00e5 brukar det vara fullt med folk vilket brukar inneb\u00e4ra att man beh\u00f6ver boka bord.<br \/>\nV\u00e5r sportbar \u00e4r ett mycket popul\u00e4rt och uppskattat st\u00e4lle f\u00f6r Scandinaver och Britter.<\/p>\n<\/div><\/div><\/div><\/div><\/div><\/div><script id=\"script-row-unique-0\" data-row=\"script-row-unique-0\" type=\"text\/javascript\" class=\"vc_controls\">UNCODE.initRow(document.getElementById(\"row-unique-0\"));<\/script><\/div><\/div><\/div><div data-parent=\"true\" class=\"vc_row row-container\" id=\"row-unique-1\"><div class=\"row-background background-element\">\n\t\t\t\t\t\t\t\t\t\t\t<div class=\"background-wrapper\">\n\t\t\t\t\t\t\t\t\t\t\t\t<div class=\"background-inner\" style=\"background-repeat: no-repeat;background-position: center center;background-attachment: scroll;background-size: cover;\"><\/div>\n\t\t\t\t\t\t\t\t\t\t\t\t<div class=\"block-bg-overlay style-color-xsdn-bg\" style=\"opacity: 0.8;\"><\/div>\n\t\t\t\t\t\t\t\t\t\t\t<\/div>\n\t\t\t\t\t\t\t\t\t\t<\/div><div class=\"row exa-top-padding exa-bottom-padding single-h-padding limit-width row-parent\"><div class=\"wpb_row row-inner\"><div class=\"wpb_column pos-top pos-center align_center column_parent col-lg-12 single-internal-gutter\"><div class=\"uncol style-light font-469684\"  ><div class=\"uncoltable\"><div class=\"uncell\" ><div class=\"uncont no-block-padding col-custom-width\" style=\" max-width:756px;\" ><div class=\"vc_custom_heading_wrap\"><div class=\"heading-text el-text\" ><h2 class=\"h1 font-weight-400\" ><span>D\u00e4r mat, dryck och sport m\u00f6ter perfektion!<\/span><\/h2><\/div><div class=\"clear\"><\/div><\/div><div class=\"uncode_text_column vc_custom_1718181906031 text-lead\"  style=\"margin-top: 15px ;\"><p>Kom till Sportbar No1 f\u00f6r den b\u00e4sta sportupplevelsen i Torrevieja. Boka ditt bord idag och bli en del av v\u00e5r vibrerande sportgemenskap!<\/p>\n<\/div><div class=\"vc_row row-internal row-container\"><div class=\"row unequal row-child\"><div class=\"wpb_row row-inner\"><div class=\"wpb_column pos-top pos-center align_center column_child col-lg-4 single-internal-gutter\"><div class=\"uncol style-light\" ><div class=\"uncoltable\"><div class=\"uncell no-block-padding\" ><div class=\"uncont\" ><span class=\"btn-container btn-block\" ><a href=\"https:\/\/sportbartorrevieja.com\/wp-content\/uploads\/2024\/06\/Sportbar-no1-menu-1.pdf\" class=\"custom-link btn btn-sm border-width-0 btn-accent btn-block btn-icon-left\" title=\"Meny\">Se v\u00e5r meny<\/a><\/span><\/div><\/div><\/div><\/div><\/div><div class=\"wpb_column pos-middle pos-center align_center column_child col-lg-4 single-internal-gutter\"><div class=\"uncol style-light\" ><div class=\"uncoltable\"><div class=\"uncell no-block-padding\" ><div class=\"uncont\" ><div class=\"uncode-vc-social  icons-lead\"><div class=\"social-icon icon-box icon-box-top icon-inline\" ><a href=\"https:\/\/www.facebook.com\/Sportbarno1.torrevieja\" target=\"_blank\"><i class=\"fa fa-facebook\"><\/i><\/a><\/div><\/div><\/div><\/div><\/div><\/div><\/div><div class=\"wpb_column pos-top pos-center align_left column_child col-lg-4 single-internal-gutter\"><div class=\"uncol style-light\" ><div class=\"uncoltable\"><div class=\"uncell no-block-padding\" ><div class=\"uncont\" ><span class=\"btn-container btn-block\" ><a href=\"tel: 34865480116\" class=\"custom-link btn btn-sm border-width-0 btn-accent btn-outline btn-block btn-icon-left\" target=\"_blank\">Book a table<\/a><\/span><\/div><\/div><\/div><\/div><\/div><\/div><\/div><\/div><\/div><\/div><\/div><\/div><\/div><script id=\"script-row-unique-1\" data-row=\"script-row-unique-1\" type=\"text\/javascript\" class=\"vc_controls\">UNCODE.initRow(document.getElementById(\"row-unique-1\"));<\/script><\/div><\/div><\/div><div data-parent=\"true\" class=\"vc_row style-color-nhtu-bg row-container\" id=\"row-unique-2\"><div class=\"row-background background-element\">\n\t\t\t\t\t\t\t\t\t\t\t<div class=\"background-wrapper\">\n\t\t\t\t\t\t\t\t\t\t\t\t<div class=\"background-inner\" style=\"background-image: url(https:\/\/sportbartorrevieja.com\/wp-content\/uploads\/2024\/06\/Sportbar.jpg);background-repeat: no-repeat;background-position: center center;background-attachment: scroll;background-size: cover;\"><\/div>\n\t\t\t\t\t\t\t\t\t\t\t\t<div class=\"block-bg-overlay style-color-nhtu-bg\" style=\"opacity: 0.3;\"><\/div>\n\t\t\t\t\t\t\t\t\t\t\t<\/div>\n\t\t\t\t\t\t\t\t\t\t<\/div><div class=\"row exa-top-padding exa-bottom-padding exa-h-padding full-width row-parent\"><div class=\"wpb_row row-inner\"><div class=\"wpb_column pos-top pos-center align_center column_parent col-lg-12 single-internal-gutter\"><div class=\"uncol style-dark\"  ><div class=\"uncoltable\"><div class=\"uncell no-block-padding\" ><div class=\"uncont\" ><div class=\"empty-space empty-quad\" ><span class=\"empty-space-inner\"><\/span><\/div>\n<div class=\"empty-space empty-quad\" ><span class=\"empty-space-inner\"><\/span><\/div>\n<\/div><\/div><\/div><\/div><\/div><script id=\"script-row-unique-2\" data-row=\"script-row-unique-2\" type=\"text\/javascript\" class=\"vc_controls\">UNCODE.initRow(document.getElementById(\"row-unique-2\"));<\/script><\/div><\/div><\/div><div data-parent=\"true\" class=\"vc_row style-color-xsdn-bg row-container\" id=\"row-unique-3\"><div class=\"row unequal no-top-padding exa-bottom-padding single-h-padding full-width row-parent\"><div class=\"wpb_row row-inner\"><div class=\"wpb_column pos-top pos-center align_center column_parent col-lg-12 one-internal-gutter\"><div class=\"uncol style-light shift_y_neg_triple shift_y_fixed\"  ><div class=\"uncoltable\"><div class=\"uncell\" ><div class=\"uncont no-block-padding col-custom-width\" style=\" max-width:996px;\" ><div class=\"vc_row row-internal row-container\"><div class=\"row unequal col-one-gutter row-child\"><div class=\"wpb_row row-inner\"><div class=\"wpb_column pos-top pos-center align_center column_child col-lg-12 col-md-33 half-internal-gutter\"><div class=\"uncol style-light\" ><div class=\"uncoltable\"><div class=\"uncell  vc_custom_1493988558049 single-block-padding style-color-xsdn-bg unshadow-mild\" style=\"padding-top: 9px ;padding-right: 9px ;padding-bottom: 9px ;padding-left: 9px ;\" ><div class=\"uncont\" >\n\t<div class=\"wpb_raw_code wpb_raw_html\" >\n\t\t<div class=\"wpb_wrapper\">\n\t\t\t<iframe src=\"https:\/\/www.google.com\/maps\/embed?pb=!1m18!1m12!1m3!1d1700.5282462531527!2d-0.6813612085872055!3d37.97670093791757!2m3!1f0!2f0!3f0!3m2!1i1024!2i768!4f13.1!3m3!1m2!1s0xd63a95c9597aa13%3A0x1d80ae583c7ee42f!2sSportBar%20No1!5e0!3m2!1ssv!2sse!4v1717418293821!5m2!1ssv!2sse\" width=\"600\" height=\"450\" style=\"border:0;\" allowfullscreen=\"\" loading=\"lazy\" referrerpolicy=\"no-referrer-when-downgrade\"><\/iframe>\n\t\t<\/div>\n\t<\/div>\n<\/div><\/div><\/div><\/div><\/div><\/div><\/div><\/div><div class=\"empty-space empty-single\" ><span class=\"empty-space-inner\"><\/span><\/div>\n<div class=\"vc_custom_heading_wrap mobile-hidden\"><div class=\"heading-text el-text\" ><h6 class=\"h5 font-weight-400 text-color-wvjs-color\" ><span>C. Maria Parodi, 4, 03181 Torrevieja, Alicante, Spain &#8211; <a class=\"cursor-init\" href=\"tel: 34865480116\">+34 865 480 116<\/a><\/span><\/h6><\/div><div class=\"clear\"><\/div><\/div><div class=\"empty-space empty-single\" ><span class=\"empty-space-inner\"><\/span><\/div>\n<\/div><\/div><\/div><\/div><\/div><script id=\"script-row-unique-3\" data-row=\"script-row-unique-3\" type=\"text\/javascript\" class=\"vc_controls\">UNCODE.initRow(document.getElementById(\"row-unique-3\"));<\/script><\/div><\/div><\/div>\n<\/div>","protected":false},"excerpt":{"rendered":"https:\/\/sportbartorrevieja.com\/wp-content\/uploads\/2024\/06\/Sportbar.mp4 Welcome To Sportbar No1 TorreviejaSportbar No 1 is one of the most popular sports bars right in the center [...]","protected":false},"author":1,"featured_media":0,"parent":0,"menu_order":0,"comment_status":"closed","ping_status":"closed","template":"","meta":{"footnotes":""},"class_list":["post-26","page","type-page","status-publish","hentry"],"yoast_head":"<!-- This site is optimized with the Yoast SEO plugin v23.4 - https:\/\/yoast.com\/wordpress\/plugins\/seo\/ -->\n<title>Start - SportBar No1<\/title>\n<meta name=\"robots\" content=\"index, follow, max-snippet:-1, max-image-preview:large, max-video-preview:-1\" \/>\n<link rel=\"canonical\" href=\"https:\/\/sportbartorrevieja.com\/sv\/\" \/>\n<meta property=\"og:locale\" content=\"sv_SE\" \/>\n<meta property=\"og:type\" content=\"article\" \/>\n<meta property=\"og:title\" content=\"Start - SportBar No1\" \/>\n<meta property=\"og:url\" content=\"https:\/\/sportbartorrevieja.com\/sv\/\" \/>\n<meta property=\"og:site_name\" content=\"SportBar No1\" \/>\n<meta property=\"article:modified_time\" content=\"2024-06-19T05:58:30+00:00\" \/>\n<meta name=\"twitter:card\" content=\"summary_large_image\" \/>\n<meta name=\"twitter:label1\" content=\"Ber\u00e4knad l\u00e4stid\" \/>\n\t<meta name=\"twitter:data1\" content=\"2 minuter\" \/>\n<script type=\"application\/ld+json\" class=\"yoast-schema-graph\">{\"@context\":\"https:\/\/schema.org\",\"@graph\":[{\"@type\":\"WebPage\",\"@id\":\"https:\/\/sportbartorrevieja.com\/\",\"url\":\"https:\/\/sportbartorrevieja.com\/\",\"name\":\"Start - SportBar No1\",\"isPartOf\":{\"@id\":\"https:\/\/sportbartorrevieja.hemsida.eu\/#website\"},\"datePublished\":\"2024-06-03T11:34:05+00:00\",\"dateModified\":\"2024-06-19T05:58:30+00:00\",\"breadcrumb\":{\"@id\":\"https:\/\/sportbartorrevieja.com\/#breadcrumb\"},\"inLanguage\":\"sv-SE\",\"potentialAction\":[{\"@type\":\"ReadAction\",\"target\":[\"https:\/\/sportbartorrevieja.com\/\"]}]},{\"@type\":\"BreadcrumbList\",\"@id\":\"https:\/\/sportbartorrevieja.com\/#breadcrumb\",\"itemListElement\":[{\"@type\":\"ListItem\",\"position\":1,\"name\":\"Hem\",\"item\":\"https:\/\/sportbartorrevieja.com\/\"},{\"@type\":\"ListItem\",\"position\":2,\"name\":\"Start\"}]},{\"@type\":\"WebSite\",\"@id\":\"https:\/\/sportbartorrevieja.hemsida.eu\/#website\",\"url\":\"https:\/\/sportbartorrevieja.hemsida.eu\/\",\"name\":\"SportBar No1\",\"description\":\"\",\"publisher\":{\"@id\":\"https:\/\/sportbartorrevieja.hemsida.eu\/#organization\"},\"potentialAction\":[{\"@type\":\"SearchAction\",\"target\":{\"@type\":\"EntryPoint\",\"urlTemplate\":\"https:\/\/sportbartorrevieja.hemsida.eu\/?s={search_term_string}\"},\"query-input\":{\"@type\":\"PropertyValueSpecification\",\"valueRequired\":true,\"valueName\":\"search_term_string\"}}],\"inLanguage\":\"sv-SE\"},{\"@type\":\"Organization\",\"@id\":\"https:\/\/sportbartorrevieja.hemsida.eu\/#organization\",\"name\":\"SportBar No1\",\"url\":\"https:\/\/sportbartorrevieja.hemsida.eu\/\",\"logo\":{\"@type\":\"ImageObject\",\"inLanguage\":\"sv-SE\",\"@id\":\"https:\/\/sportbartorrevieja.hemsida.eu\/#\/schema\/logo\/image\/\",\"url\":\"https:\/\/sportbartorrevieja.com\/wp-content\/uploads\/2024\/06\/sportbar_logo.png\",\"contentUrl\":\"https:\/\/sportbartorrevieja.com\/wp-content\/uploads\/2024\/06\/sportbar_logo.png\",\"width\":4233,\"height\":3302,\"caption\":\"SportBar No1\"},\"image\":{\"@id\":\"https:\/\/sportbartorrevieja.hemsida.eu\/#\/schema\/logo\/image\/\"}}]}<\/script>\n<!-- \/ Yoast SEO plugin. -->","yoast_head_json":{"title":"Start - SportBar No1","robots":{"index":"index","follow":"follow","max-snippet":"max-snippet:-1","max-image-preview":"max-image-preview:large","max-video-preview":"max-video-preview:-1"},"canonical":"https:\/\/sportbartorrevieja.com\/sv\/","og_locale":"sv_SE","og_type":"article","og_title":"Start - SportBar No1","og_url":"https:\/\/sportbartorrevieja.com\/sv\/","og_site_name":"SportBar No1","article_modified_time":"2024-06-19T05:58:30+00:00","twitter_card":"summary_large_image","twitter_misc":{"Ber\u00e4knad l\u00e4stid":"2 minuter"},"schema":{"@context":"https:\/\/schema.org","@graph":[{"@type":"WebPage","@id":"https:\/\/sportbartorrevieja.com\/","url":"https:\/\/sportbartorrevieja.com\/","name":"Start - SportBar No1","isPartOf":{"@id":"https:\/\/sportbartorrevieja.hemsida.eu\/#website"},"datePublished":"2024-06-03T11:34:05+00:00","dateModified":"2024-06-19T05:58:30+00:00","breadcrumb":{"@id":"https:\/\/sportbartorrevieja.com\/#breadcrumb"},"inLanguage":"sv-SE","potentialAction":[{"@type":"ReadAction","target":["https:\/\/sportbartorrevieja.com\/"]}]},{"@type":"BreadcrumbList","@id":"https:\/\/sportbartorrevieja.com\/#breadcrumb","itemListElement":[{"@type":"ListItem","position":1,"name":"Hem","item":"https:\/\/sportbartorrevieja.com\/"},{"@type":"ListItem","position":2,"name":"Start"}]},{"@type":"WebSite","@id":"https:\/\/sportbartorrevieja.hemsida.eu\/#website","url":"https:\/\/sportbartorrevieja.hemsida.eu\/","name":"SportBar No1","description":"","publisher":{"@id":"https:\/\/sportbartorrevieja.hemsida.eu\/#organization"},"potentialAction":[{"@type":"SearchAction","target":{"@type":"EntryPoint","urlTemplate":"https:\/\/sportbartorrevieja.hemsida.eu\/?s={search_term_string}"},"query-input":{"@type":"PropertyValueSpecification","valueRequired":true,"valueName":"search_term_string"}}],"inLanguage":"sv-SE"},{"@type":"Organization","@id":"https:\/\/sportbartorrevieja.hemsida.eu\/#organization","name":"SportBar No1","url":"https:\/\/sportbartorrevieja.hemsida.eu\/","logo":{"@type":"ImageObject","inLanguage":"sv-SE","@id":"https:\/\/sportbartorrevieja.hemsida.eu\/#\/schema\/logo\/image\/","url":"https:\/\/sportbartorrevieja.com\/wp-content\/uploads\/2024\/06\/sportbar_logo.png","contentUrl":"https:\/\/sportbartorrevieja.com\/wp-content\/uploads\/2024\/06\/sportbar_logo.png","width":4233,"height":3302,"caption":"SportBar No1"},"image":{"@id":"https:\/\/sportbartorrevieja.hemsida.eu\/#\/schema\/logo\/image\/"}}]}},"_links":{"self":[{"href":"https:\/\/sportbartorrevieja.com\/sv\/wp-json\/wp\/v2\/pages\/26","targetHints":{"allow":["GET"]}}],"collection":[{"href":"https:\/\/sportbartorrevieja.com\/sv\/wp-json\/wp\/v2\/pages"}],"about":[{"href":"https:\/\/sportbartorrevieja.com\/sv\/wp-json\/wp\/v2\/types\/page"}],"author":[{"embeddable":true,"href":"https:\/\/sportbartorrevieja.com\/sv\/wp-json\/wp\/v2\/users\/1"}],"replies":[{"embeddable":true,"href":"https:\/\/sportbartorrevieja.com\/sv\/wp-json\/wp\/v2\/comments?post=26"}],"version-history":[{"count":24,"href":"https:\/\/sportbartorrevieja.com\/sv\/wp-json\/wp\/v2\/pages\/26\/revisions"}],"predecessor-version":[{"id":71,"href":"https:\/\/sportbartorrevieja.com\/sv\/wp-json\/wp\/v2\/pages\/26\/revisions\/71"}],"wp:attachment":[{"href":"https:\/\/sportbartorrevieja.com\/sv\/wp-json\/wp\/v2\/media?parent=26"}],"curies":[{"name":"wp","href":"https:\/\/api.w.org\/{rel}","templated":true}]}}